{"id":5707,"date":"2015-02-19T09:48:19","date_gmt":"2015-02-19T09:48:19","guid":{"rendered":"http:\/\/demo2.wpresidence.net\/?page_id=5707"},"modified":"2023-08-28T05:12:12","modified_gmt":"2023-08-28T05:12:12","slug":"contacto","status":"publish","type":"page","link":"https:\/\/tucasaaquibienesraices.com\/index.php\/contacto\/","title":{"rendered":"Contacto"},"content":{"rendered":"\t\t<div data-elementor-type=\"wp-page\" data-elementor-id=\"5707\" class=\"elementor elementor-5707\">\n\t\t\t\t\t\t\t\t\t<section class=\"elementor-section elementor-top-section elementor-element elementor-element-4fdecf65 elementor-section-boxed elementor-section-height-default elementor-section-height-default\" data-id=\"4fdecf65\" data-element_type=\"section\">\n\t\t\t\t\t\t<div class=\"elementor-container elementor-column-gap-default\">\n\t\t\t\t\t<div class=\"elementor-column elementor-col-100 elementor-top-column elementor-element elementor-element-4a41385d\" data-id=\"4a41385d\" data-element_type=\"column\">\n\t\t\t<div class=\"elementor-widget-wrap elementor-element-populated\">\n\t\t\t\t\t\t\t\t<div class=\"elementor-element elementor-element-4a3ca49a elementor-widget elementor-widget-text-editor\" data-id=\"4a3ca49a\" data-element_type=\"widget\" data-widget_type=\"text-editor.default\">\n\t\t\t\t<div class=\"elementor-widget-container\">\n\t\t\t<style>\/*! elementor - v3.17.0 - 08-11-2023 *\/\n.elementor-widget-text-editor.elementor-drop-cap-view-stacked .elementor-drop-cap{background-color:#69727d;color:#fff}.elementor-widget-text-editor.elementor-drop-cap-view-framed .elementor-drop-cap{color:#69727d;border:3px solid;background-color:transparent}.elementor-widget-text-editor:not(.elementor-drop-cap-view-default) .elementor-drop-cap{margin-top:8px}.elementor-widget-text-editor:not(.elementor-drop-cap-view-default) .elementor-drop-cap-letter{width:1em;height:1em}.elementor-widget-text-editor .elementor-drop-cap{float:left;text-align:center;line-height:1;font-size:50px}.elementor-widget-text-editor .elementor-drop-cap-letter{display:inline-block}<\/style>\t\t\t\t<p>En nuestro compromiso de hacer realidad tus sue\u00f1os de propiedad, hemos creado un equipo apasionado y dedicado que est\u00e1 listo para guiarte en cada paso del camino. Ya sea que est\u00e9s buscando comprar, vender, alquilar o administrar una propiedad, estamos aqu\u00ed para convertir tus objetivos en realidades tangibles.<\/p>\n<p>\u00a0<\/p>\n<p>Valoramos tus necesidades y estamos comprometidos a ofrecer un servicio personalizado y profesional. Nos enorgullece ser tu socio en el emocionante etapa de tu vida.<\/p>\n<p>\u00a0<\/p>\n<p>\u00a0<\/p>\t\t\t\t\t\t<\/div>\n\t\t\t\t<\/div>\n\t\t\t\t\t<\/div>\n\t\t<\/div>\n\t\t\t\t\t\t\t<\/div>\n\t\t<\/section>\n\t\t\t\t<section class=\"elementor-section elementor-top-section elementor-element elementor-element-b8b38e3 elementor-section-boxed elementor-section-height-default elementor-section-height-default\" data-id=\"b8b38e3\" data-element_type=\"section\">\n\t\t\t\t\t\t<div class=\"elementor-container elementor-column-gap-default\">\n\t\t\t\t\t<div class=\"elementor-column elementor-col-100 elementor-top-column elementor-element elementor-element-fe8281b\" data-id=\"fe8281b\" data-element_type=\"column\">\n\t\t\t<div class=\"elementor-widget-wrap elementor-element-populated\">\n\t\t\t\t\t\t\t\t<div class=\"elementor-element elementor-element-5f69257 elementor-widget elementor-widget-heading\" data-id=\"5f69257\" data-element_type=\"widget\" data-widget_type=\"heading.default\">\n\t\t\t\t<div class=\"elementor-widget-container\">\n\t\t\t<style>\/*! elementor - v3.17.0 - 08-11-2023 *\/\n.elementor-heading-title{padding:0;margin:0;line-height:1}.elementor-widget-heading .elementor-heading-title[class*=elementor-size-]>a{color:inherit;font-size:inherit;line-height:inherit}.elementor-widget-heading .elementor-heading-title.elementor-size-small{font-size:15px}.elementor-widget-heading .elementor-heading-title.elementor-size-medium{font-size:19px}.elementor-widget-heading .elementor-heading-title.elementor-size-large{font-size:29px}.elementor-widget-heading .elementor-heading-title.elementor-size-xl{font-size:39px}.elementor-widget-heading .elementor-heading-title.elementor-size-xxl{font-size:59px}<\/style><h2 class=\"elementor-heading-title elementor-size-default\">Tus agentes de confianza<\/h2>\t\t<\/div>\n\t\t\t\t<\/div>\n\t\t\t\t\t<\/div>\n\t\t<\/div>\n\t\t\t\t\t\t\t<\/div>\n\t\t<\/section>\n\t\t\t\t\t\t\t<\/div>\n\t\t","protected":false},"excerpt":{"rendered":"<p>En nuestro compromiso de hacer realidad tus sue\u00f1os de propiedad, hemos creado un equipo apasionado y dedicado que est\u00e1 listo para guiarte en cada paso del camino. Ya sea que est\u00e9s buscando comprar, vender, alquilar o administrar una propiedad, estamos aqu\u00ed para convertir tus objetivos en realidades tangibles. \u00a0 Valoramos tus necesidades y estamos comprometidos a ofrecer un servicio personalizado y profesional. Nos enorgullece &#8230;<\/p>\n","protected":false},"author":1,"featured_media":0,"parent":0,"menu_order":0,"comment_status":"open","ping_status":"open","template":"contact_page.php","meta":{"inline_featured_image":false,"footnotes":""},"class_list":["post-5707","page","type-page","status-publish","hentry"],"_links":{"self":[{"href":"https:\/\/tucasaaquibienesraices.com\/index.php\/wp-json\/wp\/v2\/pages\/5707","targetHints":{"allow":["GET"]}}],"collection":[{"href":"https:\/\/tucasaaquibienesraices.com\/index.php\/wp-json\/wp\/v2\/pages"}],"about":[{"href":"https:\/\/tucasaaquibienesraices.com\/index.php\/wp-json\/wp\/v2\/types\/page"}],"author":[{"embeddable":true,"href":"https:\/\/tucasaaquibienesraices.com\/index.php\/wp-json\/wp\/v2\/users\/1"}],"replies":[{"embeddable":true,"href":"https:\/\/tucasaaquibienesraices.com\/index.php\/wp-json\/wp\/v2\/comments?post=5707"}],"version-history":[{"count":9,"href":"https:\/\/tucasaaquibienesraices.com\/index.php\/wp-json\/wp\/v2\/pages\/5707\/revisions"}],"predecessor-version":[{"id":19364,"href":"https:\/\/tucasaaquibienesraices.com\/index.php\/wp-json\/wp\/v2\/pages\/5707\/revisions\/19364"}],"wp:attachment":[{"href":"https:\/\/tucasaaquibienesraices.com\/index.php\/wp-json\/wp\/v2\/media?parent=5707"}],"curies":[{"name":"wp","href":"https:\/\/api.w.org\/{rel}","templated":true}]}}