{"id":17988,"date":"2016-03-04T14:08:33","date_gmt":"2016-03-04T14:08:33","guid":{"rendered":"http:\/\/stage.wpresidence.net\/?page_id=17988"},"modified":"2023-09-19T15:40:21","modified_gmt":"2023-09-19T15:40:21","slug":"blog","status":"publish","type":"page","link":"https:\/\/tucasaaquibienesraices.com\/index.php\/blog\/","title":{"rendered":"Blog Inmobiliario"},"content":{"rendered":"\t\t<div data-elementor-type=\"wp-page\" data-elementor-id=\"17988\" class=\"elementor elementor-17988\">\n\t\t\t\t\t\t\t\t\t<section class=\"elementor-section elementor-top-section elementor-element elementor-element-1c337ee elementor-section-boxed elementor-section-height-default elementor-section-height-default\" data-id=\"1c337ee\" data-element_type=\"section\">\n\t\t\t\t\t\t<div class=\"elementor-container elementor-column-gap-default\">\n\t\t\t\t\t<div class=\"elementor-column elementor-col-100 elementor-top-column elementor-element elementor-element-74df9ca\" data-id=\"74df9ca\" data-element_type=\"column\">\n\t\t\t<div class=\"elementor-widget-wrap elementor-element-populated\">\n\t\t\t\t\t\t\t\t<div class=\"elementor-element elementor-element-ad19588 elementor-widget elementor-widget-text-editor\" data-id=\"ad19588\" data-element_type=\"widget\" data-widget_type=\"text-editor.default\">\n\t\t\t\t<div class=\"elementor-widget-container\">\n\t\t\t<style>\/*! elementor - v3.17.0 - 08-11-2023 *\/\n.elementor-widget-text-editor.elementor-drop-cap-view-stacked .elementor-drop-cap{background-color:#69727d;color:#fff}.elementor-widget-text-editor.elementor-drop-cap-view-framed .elementor-drop-cap{color:#69727d;border:3px solid;background-color:transparent}.elementor-widget-text-editor:not(.elementor-drop-cap-view-default) .elementor-drop-cap{margin-top:8px}.elementor-widget-text-editor:not(.elementor-drop-cap-view-default) .elementor-drop-cap-letter{width:1em;height:1em}.elementor-widget-text-editor .elementor-drop-cap{float:left;text-align:center;line-height:1;font-size:50px}.elementor-widget-text-editor .elementor-drop-cap-letter{display:inline-block}<\/style>\t\t\t\t<p><span style=\"color: rgb(55, 65, 81); font-family: S\u00f6hne, ui-sans-serif, system-ui, -apple-system, &quot;Segoe UI&quot;, Roboto, Ubuntu, Cantarell, &quot;Noto Sans&quot;, sans-serif, &quot;Helvetica Neue&quot;, Arial, &quot;Apple Color Emoji&quot;, &quot;Segoe UI Emoji&quot;, &quot;Segoe UI Symbol&quot;, &quot;Noto Color Emoji&quot;; font-size: 16px; white-space-collapse: preserve; background-color: rgb(247, 247, 248);\">Nuestro blog inmobiliario es tu fuente confiable para informaci\u00f3n actualizada y consejos pr\u00e1cticos sobre bienes ra\u00edces en Veracruz. Exploramos tendencias locales, estrategias de inversi\u00f3n y gu\u00edas esenciales para ayudarte a tomar decisiones informadas en el emocionante mundo de los bienes ra\u00edces.<\/span><br><\/p>\t\t\t\t\t\t<\/div>\n\t\t\t\t<\/div>\n\t\t\t\t\t<\/div>\n\t\t<\/div>\n\t\t\t\t\t\t\t<\/div>\n\t\t<\/section>\n\t\t\t\t\t\t\t<\/div>\n\t\t","protected":false},"excerpt":{"rendered":"<p>Nuestro blog inmobiliario es tu fuente confiable para informaci\u00f3n actualizada y consejos pr\u00e1cticos sobre bienes ra\u00edces en Veracruz. Exploramos tendencias locales, estrategias de inversi\u00f3n y gu\u00edas esenciales para ayudarte a tomar decisiones informadas en el emocionante mundo de los bienes ra\u00edces.<\/p>\n","protected":false},"author":1,"featured_media":0,"parent":0,"menu_order":0,"comment_status":"closed","ping_status":"closed","template":"blog_list.php","meta":{"inline_featured_image":false,"footnotes":""},"class_list":["post-17988","page","type-page","status-publish","hentry"],"_links":{"self":[{"href":"https:\/\/tucasaaquibienesraices.com\/index.php\/wp-json\/wp\/v2\/pages\/17988","targetHints":{"allow":["GET"]}}],"collection":[{"href":"https:\/\/tucasaaquibienesraices.com\/index.php\/wp-json\/wp\/v2\/pages"}],"about":[{"href":"https:\/\/tucasaaquibienesraices.com\/index.php\/wp-json\/wp\/v2\/types\/page"}],"author":[{"embeddable":true,"href":"https:\/\/tucasaaquibienesraices.com\/index.php\/wp-json\/wp\/v2\/users\/1"}],"replies":[{"embeddable":true,"href":"https:\/\/tucasaaquibienesraices.com\/index.php\/wp-json\/wp\/v2\/comments?post=17988"}],"version-history":[{"count":6,"href":"https:\/\/tucasaaquibienesraices.com\/index.php\/wp-json\/wp\/v2\/pages\/17988\/revisions"}],"predecessor-version":[{"id":19693,"href":"https:\/\/tucasaaquibienesraices.com\/index.php\/wp-json\/wp\/v2\/pages\/17988\/revisions\/19693"}],"wp:attachment":[{"href":"https:\/\/tucasaaquibienesraices.com\/index.php\/wp-json\/wp\/v2\/media?parent=17988"}],"curies":[{"name":"wp","href":"https:\/\/api.w.org\/{rel}","templated":true}]}}